{"id":25972,"date":"2018-11-21T13:53:59","date_gmt":"2018-11-21T13:53:59","guid":{"rendered":"https:\/\/www.dttech.com.tr\/?page_id=25972"},"modified":"2023-06-04T21:18:51","modified_gmt":"2023-06-04T21:18:51","slug":"emerson-anderson-6-14","status":"publish","type":"page","link":"https:\/\/www.dttech.com.tr\/?page_id=25972","title":{"rendered":"Ka\u011f\u0131t Ve Ambalaj"},"content":{"rendered":"<div class=\"wpb-content-wrapper\"><p>[vc_row][vc_column offset=&#8221;vc_hidden-xs&#8221;]<div class=\"clearboth\"><\/div><style>#thegem-divider-69e737987c54d {margin-top: 130px !important;}<\/style><div id=\"thegem-divider-69e737987c54d\" class=\"gem-divider  \" style=\"\" ><\/div>[\/vc_column][\/vc_row][vc_row equal_height=&#8221;yes&#8221; css=&#8221;.vc_custom_1542807404410{margin-bottom: 0px !important;}&#8221;][vc_column offset=&#8221;vc_col-md-6 vc_col-xs-12&#8243;]<div class=\"centered-box gem-image-centered-box\" ><div class=\"gem-image gem-wrapbox gem-wrapbox-style-default gem-wrapbox-position-centered  thegem-custom-69e737987c5a85423\"  style=\"\" ><div class=\"gem-wrapbox-inner \" ><img class=\"gem-wrapbox-element img-responsive\" src=\"https:\/\/www.dttech.com.tr\/wp-content\/uploads\/2023\/05\/kg.jpg\" alt=\"\"\/><\/div><\/div><\/div>[\/vc_column][vc_column css_animation=&#8221;bottom-to-top&#8221; offset=&#8221;vc_col-md-6 vc_col-xs-12&#8243;][vc_column_text css_animation=&#8221;bottom-to-top&#8221; css=&#8221;.vc_custom_1685913257457{margin-top: -12px !important;}&#8221;]<\/p>\n<h2>Ka\u011f\u0131t Ve Ambalaj sekt\u00f6r\u00fcn\u00fcn g\u00fcncel zorluklar\u0131n\u0131n \u00fcstesinden gelin<\/h2>\n<p>[\/vc_column_text][vc_row_inner][vc_column_inner offset=&#8221;vc_hidden-md vc_hidden-sm vc_hidden-xs&#8221;]<div class=\"clearboth\"><\/div><style>#thegem-divider-69e737987cb21 {margin-top: 30px !important;}<\/style><div id=\"thegem-divider-69e737987cb21\" class=\"gem-divider  \" style=\"\" ><\/div>[\/vc_column_inner][\/vc_row_inner][vc_column_text css_animation=&#8221;bottom-to-top&#8221;]<\/p>\n<div class=\"styled-subtitle\">Tasar\u0131m ve m\u00fchendislikten \u00fcretim, teslimat ve servise kadar eksiksiz, u\u00e7tan uca ya\u015fam d\u00f6ng\u00fcs\u00fc deste\u011fi<\/div>\n<p>[\/vc_column_text][vc_row_inner disable_element=&#8221;yes&#8221;][vc_column_inner offset=&#8221;vc_hidden-md vc_hidden-sm vc_hidden-xs&#8221;]<div class=\"clearboth\"><\/div><style>#thegem-divider-69e737987cb74 {margin-top: 30px !important;}<\/style><div id=\"thegem-divider-69e737987cb74\" class=\"gem-divider  \" style=\"\" ><\/div>[\/vc_column_inner][\/vc_row_inner][\/vc_column][\/vc_row][vc_row][vc_column offset=&#8221;vc_hidden-md vc_hidden-sm vc_hidden-xs&#8221;]<div class=\"clearboth\"><\/div><style>#thegem-divider-69e737987cb95 {margin-top: 70px !important;}<\/style><div id=\"thegem-divider-69e737987cb95\" class=\"gem-divider  \" style=\"\" ><\/div>[\/vc_column][\/vc_row][vc_row][vc_column width=&#8221;1\/2&#8243; css_animation=&#8221;bottom-to-top&#8221;]<div   class=\"gem-quote gem-quote-style-1 gem-quote-no-paddings\" ><blockquote  >Ka\u011f\u0131t ve Ambalaj sekt\u00f6r\u00fcnde d\u00fcnyada,50\u2019nin \u00fczerinde m\u00fc\u015fteriye sahip olan IFS ERP, sekt\u00f6r\u00fcnde uzman dan\u0131\u015fmanl\u0131k ekibi sayesinde, i\u015fletmelerin ihtiya\u00e7lar\u0131na \u00e7\u00f6z\u00fcmler sunmaktad\u0131r.<\/blockquote><\/div>[\/vc_column][vc_column width=&#8221;1\/2&#8243;][vc_column_text css_animation=&#8221;bottom-to-top&#8221;]IFS ERP Uygulamalar\u0131 Ka\u011f\u0131t , Karton\u00a0 ve Ambalaj End\u00fcstrisi i\u00e7in planlamadan m\u00fchendisli\u011fe, operasyonlardan devreden \u00e7\u0131karmaya kadar t\u00fcm varl\u0131k ya\u015fam d\u00f6ng\u00fcs\u00fcn\u00fc kapsayan bir Kurumsal Varl\u0131k Y\u00f6netimi (EAM) \u00e7\u00f6z\u00fcm\u00fc sunar.[\/vc_column_text][\/vc_column][\/vc_row][vc_row][vc_column width=&#8221;1\/2&#8243;][vc_column_text css_animation=&#8221;bottom-to-top&#8221;]<\/p>\n<h4 class=\"heading bottom25\">Sekt\u00f6rel Gereksinimler<\/h4>\n<ul>\n<li>Sipari\u015fe \u00d6zel Konfig\u00fcrasyon<\/li>\n<li>M\u00fc\u015fteriye \u00f6zel teklif haz\u0131rlama ve fiyatland\u0131rma<\/li>\n<li>M\u00fc\u015fteri Sipari\u015f Takibi \u2013 Dinamik Sipari\u015f Takibi<\/li>\n<li>Paket, Ambalaj ve Set Y\u00f6netimi<\/li>\n<li>Sekt\u00f6re \u00d6zel Sat\u0131\u015f Ba\u011flant\u0131lar\u0131n\u0131n Y\u00f6netilmesi<\/li>\n<li>Bayii Prim Hesaplamalar\u0131<\/li>\n<li>Sevkiyat Planlamas\u0131 ve Hacim Hesaplamalar\u0131<\/li>\n<li>Kesim Masas\u0131na \u00f6zel \u0130\u015f emri Y\u00f6netim Mant\u0131\u011f\u0131<\/li>\n<li>Mixed Mode \u00dcretim Gereksinimi (At\u00f6lye tarz\u0131 \u00fcretim-Seri \u00fcretim)<\/li>\n<li>\u0130nteraktif \u00c7izelgeleme- Drag-Drop<\/li>\n<li>Envanter Hareketlerinin Barkod Uygulamalar\u0131 ile desteklenmesi<\/li>\n<li>Geli\u015fmi\u015f At\u00f6lye -\u00dcretim- Veri toplama Sistemi<\/li>\n<li>Detay Filli Maliyet ve Maliyet Analizleri<\/li>\n<li>Tedarik Portallar\u0131<\/li>\n<li>Tedarik\u00e7i De\u011ferlendirme Sistemi<\/li>\n<li>Kalite Kontrol Uygulamalar\u0131<\/li>\n<li>Bak\u0131m Y\u00f6netim Sistemi<\/li>\n<\/ul>\n<p>[\/vc_column_text][\/vc_column][vc_column width=&#8221;1\/2&#8243;]<div   class=\"gem-quote gem-quote-style-1 gem-quote-no-paddings\" ><blockquote  >IFS, derin sekt\u00f6r bilgisinin m\u00fc\u015fterilerinin ba\u015far\u0131s\u0131n\u0131n anahtar\u0131 oldu\u011funu biliyor&#8230; \u00c7\u00f6z\u00fcmlerini m\u00fckemmelle\u015ftirmek i\u00e7in onlarca y\u0131ld\u0131r m\u00fc\u015fterilerle yak\u0131n bir \u015fekilde \u00e7al\u0131\u015f\u0131yor ve baz\u0131 m\u00fc\u015fterilerin, Yat\u0131r\u0131m Getirisinin iki kat\u0131na \u00e7\u0131karmas\u0131n\u0131 sa\u011fl\u0131yor.<\/blockquote><\/div>[\/vc_column][\/vc_row][vc_row][vc_column offset=&#8221;vc_hidden-sm vc_hidden-xs&#8221;]<div class=\"clearboth\"><\/div><style>#thegem-divider-69e737987cbd7 {margin-top: 100px !important;}<\/style><div id=\"thegem-divider-69e737987cbd7\" class=\"gem-divider  \" style=\"\" ><\/div>[\/vc_column][\/vc_row]<\/p>\n<\/div>","protected":false},"excerpt":{"rendered":"<p>[vc_row][vc_column offset=&#8221;vc_hidden-xs&#8221;][\/vc_column][\/vc_row][vc_row equal_height=&#8221;yes&#8221; css=&#8221;.vc_custom_1542807404410{margin-bottom: 0px !important;}&#8221;][vc_column offset=&#8221;vc_col-md-6 vc_col-xs-12&#8243;][\/vc_column][vc_column css_animation=&#8221;bottom-to-top&#8221; offset=&#8221;vc_col-md-6 vc_col-xs-12&#8243;][vc_column_text css_animation=&#8221;bottom-to-top&#8221; css=&#8221;.vc_custom_1685913257457{margin-top: -12px !important;}&#8221;] Ka\u011f\u0131t Ve Ambalaj sekt\u00f6r\u00fcn\u00fcn g\u00fcncel&#8230;<\/p>\n","protected":false},"author":1,"featured_media":0,"parent":8930,"menu_order":0,"comment_status":"closed","ping_status":"closed","template":"","meta":{"footnotes":""},"class_list":["post-25972","page","type-page","status-publish"],"_links":{"self":[{"href":"https:\/\/www.dttech.com.tr\/index.php?rest_route=\/wp\/v2\/pages\/25972","targetHints":{"allow":["GET"]}}],"collection":[{"href":"https:\/\/www.dttech.com.tr\/index.php?rest_route=\/wp\/v2\/pages"}],"about":[{"href":"https:\/\/www.dttech.com.tr\/index.php?rest_route=\/wp\/v2\/types\/page"}],"author":[{"embeddable":true,"href":"https:\/\/www.dttech.com.tr\/index.php?rest_route=\/wp\/v2\/users\/1"}],"replies":[{"embeddable":true,"href":"https:\/\/www.dttech.com.tr\/index.php?rest_route=%2Fwp%2Fv2%2Fcomments&post=25972"}],"version-history":[{"count":4,"href":"https:\/\/www.dttech.com.tr\/index.php?rest_route=\/wp\/v2\/pages\/25972\/revisions"}],"predecessor-version":[{"id":26000,"href":"https:\/\/www.dttech.com.tr\/index.php?rest_route=\/wp\/v2\/pages\/25972\/revisions\/26000"}],"up":[{"embeddable":true,"href":"https:\/\/www.dttech.com.tr\/index.php?rest_route=\/wp\/v2\/pages\/8930"}],"wp:attachment":[{"href":"https:\/\/www.dttech.com.tr\/index.php?rest_route=%2Fwp%2Fv2%2Fmedia&parent=25972"}],"curies":[{"name":"wp","href":"https:\/\/api.w.org\/{rel}","templated":true}]}}