{"id":25968,"date":"2018-11-21T13:53:59","date_gmt":"2018-11-21T13:53:59","guid":{"rendered":"https:\/\/www.dttech.com.tr\/?page_id=25968"},"modified":"2023-06-04T21:25:51","modified_gmt":"2023-06-04T21:25:51","slug":"emerson-anderson-6-12","status":"publish","type":"page","link":"https:\/\/www.dttech.com.tr\/?page_id=25968","title":{"rendered":"G\u0131da Sekt\u00f6r\u00fc"},"content":{"rendered":"<div class=\"wpb-content-wrapper\"><p>[vc_row][vc_column offset=&#8221;vc_hidden-xs&#8221;]<div class=\"clearboth\"><\/div><style>#thegem-divider-69e33de0b64ad {margin-top: 130px !important;}<\/style><div id=\"thegem-divider-69e33de0b64ad\" class=\"gem-divider  \" style=\"\" ><\/div>[\/vc_column][\/vc_row][vc_row equal_height=&#8221;yes&#8221; css=&#8221;.vc_custom_1542807404410{margin-bottom: 0px !important;}&#8221;][vc_column offset=&#8221;vc_col-md-6 vc_col-xs-12&#8243;]<div class=\"centered-box gem-image-centered-box\" ><div class=\"gem-image gem-wrapbox gem-wrapbox-style-default gem-wrapbox-position-centered  thegem-custom-69e33de0b64f91431\"  style=\"\" ><div class=\"gem-wrapbox-inner \" ><img class=\"gem-wrapbox-element img-responsive\" src=\"https:\/\/www.dttech.com.tr\/wp-content\/uploads\/2023\/05\/gida.jpg\" alt=\"\"\/><\/div><\/div><\/div>[\/vc_column][vc_column css_animation=&#8221;bottom-to-top&#8221; offset=&#8221;vc_col-md-6 vc_col-xs-12&#8243;][vc_column_text css_animation=&#8221;bottom-to-top&#8221; css=&#8221;.vc_custom_1685906557154{margin-top: -12px !important;}&#8221;]<\/p>\n<h2>G\u0131da \u00dcretim sekt\u00f6r\u00fcn\u00fcn g\u00fcncel zorluklar\u0131n\u0131n \u00fcstesinden gelin<\/h2>\n<p>[\/vc_column_text][vc_row_inner][vc_column_inner offset=&#8221;vc_hidden-md vc_hidden-sm vc_hidden-xs&#8221;]<div class=\"clearboth\"><\/div><style>#thegem-divider-69e33de0b68b1 {margin-top: 30px !important;}<\/style><div id=\"thegem-divider-69e33de0b68b1\" class=\"gem-divider  \" style=\"\" ><\/div>[\/vc_column_inner][\/vc_row_inner][vc_column_text css_animation=&#8221;bottom-to-top&#8221;]<\/p>\n<div class=\"styled-subtitle\">Tasar\u0131m ve m\u00fchendislikten \u00fcretim, teslimat ve servise kadar eksiksiz, u\u00e7tan uca ya\u015fam d\u00f6ng\u00fcs\u00fc deste\u011fi<\/div>\n<p>[\/vc_column_text][vc_row_inner disable_element=&#8221;yes&#8221;][vc_column_inner offset=&#8221;vc_hidden-md vc_hidden-sm vc_hidden-xs&#8221;]<div class=\"clearboth\"><\/div><style>#thegem-divider-69e33de0b68d8 {margin-top: 30px !important;}<\/style><div id=\"thegem-divider-69e33de0b68d8\" class=\"gem-divider  \" style=\"\" ><\/div>[\/vc_column_inner][\/vc_row_inner][\/vc_column][\/vc_row][vc_row][vc_column offset=&#8221;vc_hidden-md vc_hidden-sm vc_hidden-xs&#8221;]<div class=\"clearboth\"><\/div><style>#thegem-divider-69e33de0b68ea {margin-top: 70px !important;}<\/style><div id=\"thegem-divider-69e33de0b68ea\" class=\"gem-divider  \" style=\"\" ><\/div>[\/vc_column][\/vc_row][vc_row][vc_column width=&#8221;1\/2&#8243; css_animation=&#8221;bottom-to-top&#8221;]<div   class=\"gem-quote gem-quote-style-1 gem-quote-no-paddings\" ><blockquote  >G\u0131da \u00dcretim sekt\u00f6r\u00fcnde d\u00fcnyada, 150\u2019nin \u00fczerinde m\u00fc\u015fteriye sahip olan IFS ERP, sekt\u00f6r\u00fcnde uzman dan\u0131\u015fmanl\u0131k ekibi sayesinde, i\u015fletmelerin ihtiya\u00e7lar\u0131na \u00e7\u00f6z\u00fcmler sunmaktad\u0131r.<\/blockquote><\/div>[\/vc_column][vc_column width=&#8221;1\/2&#8243;][vc_column_text css_animation=&#8221;bottom-to-top&#8221;]Avrupa Birli\u011fi (AB) g\u0131da g\u00fcvenirlili\u011fine son derece \u00f6nem vermektedir, buna ili\u015fkin bir y\u00f6netmelik yay\u0131nlam\u0131\u015f bulunmaktad\u0131r. Bu y\u00f6netmelik; hammadde ve \u00fcr\u00fcn baz\u0131nda \u015feffaf ve objektif olarak kay\u0131tlar\u0131n tutulmas\u0131 ve saklanmas\u0131, \u00fcretim partilerinin tamam\u0131n\u0131n denetlenmesi ve izlenmesi; toplum sa\u011fl\u0131\u011f\u0131n\u0131 tehdit edebilecek kusurlarda ise t\u00fcketiciler, m\u00fc\u015fteri ve resmi dairelerin bilgilendirmesi \u015feklinde y\u00fck\u00fcml\u00fcl\u00fckler getirmektedir. IFS, 25 y\u0131l\u0131 a\u015fk\u0131n bir s\u00fcredir i\u015f uygulamalar\u0131 \u00fczerine edindi\u011fi deneyimi ile k\u00fcresel rekabette olan i\u015fletmelere g\u0131da sekt\u00f6r\u00fcne y\u00f6nelik \u00fcretimleri konusunda \u00e7\u00f6z\u00fcmler sunmaktad\u0131r. IFS ERP G\u0131da \u00c7\u00f6z\u00fcmleri, \u00f6zellikle tedarik zinciri performans\u0131n\u0131 en \u00fcst d\u00fczeye \u00e7\u0131karan \u00f6zellikleriyle d\u00fcnyan\u0131n \u00f6nde gelen G\u0131da i\u015fletmeleri taraf\u0131ndan kullan\u0131lmaktad\u0131r. Tedarik Zinciri Y\u00f6netimi (SCM) d\u0131\u015f\u0131nda, Da\u011f\u0131t\u0131m a\u011f\u0131n\u0131n y\u00f6netilmesi, Sevkiyat, Faturalama, Tahmin Talep Y\u00f6netimi, Planlama ve Form\u00fcl Y\u00f6netimi ile Varl\u0131k Y\u00f6netimi gibi \u00f6zellikleriyle IFS ERP G\u0131da \u00c7\u00f6z\u00fcm\u00fc, g\u0131da ve i\u00e7ecek \u00fcretimi ya da da\u011f\u0131t\u0131m\u0131 yapan i\u015fletmelerin t\u00fcm i\u015f ihtiya\u00e7lar\u0131n\u0131 kar\u015f\u0131lamaktad\u0131r.[\/vc_column_text][\/vc_column][\/vc_row][vc_row][vc_column width=&#8221;1\/2&#8243;][vc_column_text css_animation=&#8221;bottom-to-top&#8221;]<\/p>\n<h4 class=\"heading bottom25\">Sekt\u00f6rel Gereksinimler<\/h4>\n<ul>\n<li>Talep Planlama, Tahmin Y\u00f6netimi<\/li>\n<li>Da\u011f\u0131t\u0131m A\u011f\u0131n\u0131n Y\u00f6netilmesi, Bayilik Sistemi Deste\u011fi, Risk Analizi<\/li>\n<li>S\u0131cak Sat\u0131\u015f Uygulamalar\u0131, Ara\u00e7ta Sat\u0131\u015f, Faturalama, \u0130ade y\u00f6netimi<\/li>\n<li>\u0130ade Y\u00f6netimi<\/li>\n<li>Kota, Prim ve Ciro Primlerinin Destekleri<\/li>\n<li>Proses Tarz\u0131 \u00dcretim ve Seri \u00dcretim Deste\u011fi<\/li>\n<li>Detay Bazda Par\u00e7a ve Lot Takipleri ile Kontrolleri<\/li>\n<li>\u00dcr\u00fcn \u0130zlenebilirli\u011fi ve Son Kullanma Tarihi Takibi<\/li>\n<li>Kalite Kontrol Uygulamalar\u0131<\/li>\n<li>Detay Fiili Maliyet ve Maliyet Analizleri ile Denetim<\/li>\n<li>Mobil Uygulamalar<\/li>\n<li>Tedarik Zinciri Y\u00f6netimi<\/li>\n<li>\u00d6nleyici ve Koruyucu Bak\u0131m Uygulamalar\u0131<\/li>\n<\/ul>\n<p>[\/vc_column_text][\/vc_column][vc_column width=&#8221;1\/2&#8243;]<div   class=\"gem-quote gem-quote-style-1 gem-quote-no-paddings\" ><blockquote  >IFS, derin sekt\u00f6r bilgisinin m\u00fc\u015fterilerinin ba\u015far\u0131s\u0131n\u0131n anahtar\u0131 oldu\u011funu biliyor&#8230; \u00c7\u00f6z\u00fcmlerini m\u00fckemmelle\u015ftirmek i\u00e7in onlarca y\u0131ld\u0131r m\u00fc\u015fterilerle yak\u0131n bir \u015fekilde \u00e7al\u0131\u015f\u0131yor ve baz\u0131 m\u00fc\u015fterilerin, Yat\u0131r\u0131m Getirisinin iki kat\u0131na \u00e7\u0131karmas\u0131n\u0131 sa\u011fl\u0131yor.<\/blockquote><\/div>[\/vc_column][\/vc_row][vc_row][vc_column offset=&#8221;vc_hidden-sm vc_hidden-xs&#8221;]<div class=\"clearboth\"><\/div><style>#thegem-divider-69e33de0b6916 {margin-top: 100px !important;}<\/style><div id=\"thegem-divider-69e33de0b6916\" class=\"gem-divider  \" style=\"\" ><\/div>[\/vc_column][\/vc_row]<\/p>\n<\/div>","protected":false},"excerpt":{"rendered":"<p>[vc_row][vc_column offset=&#8221;vc_hidden-xs&#8221;][\/vc_column][\/vc_row][vc_row equal_height=&#8221;yes&#8221; css=&#8221;.vc_custom_1542807404410{margin-bottom: 0px !important;}&#8221;][vc_column offset=&#8221;vc_col-md-6 vc_col-xs-12&#8243;][\/vc_column][vc_column css_animation=&#8221;bottom-to-top&#8221; offset=&#8221;vc_col-md-6 vc_col-xs-12&#8243;][vc_column_text css_animation=&#8221;bottom-to-top&#8221; css=&#8221;.vc_custom_1685906557154{margin-top: -12px !important;}&#8221;] G\u0131da \u00dcretim sekt\u00f6r\u00fcn\u00fcn g\u00fcncel zorluklar\u0131n\u0131n&#8230;<\/p>\n","protected":false},"author":1,"featured_media":0,"parent":8930,"menu_order":0,"comment_status":"closed","ping_status":"closed","template":"","meta":{"footnotes":""},"class_list":["post-25968","page","type-page","status-publish"],"_links":{"self":[{"href":"https:\/\/www.dttech.com.tr\/index.php?rest_route=\/wp\/v2\/pages\/25968","targetHints":{"allow":["GET"]}}],"collection":[{"href":"https:\/\/www.dttech.com.tr\/index.php?rest_route=\/wp\/v2\/pages"}],"about":[{"href":"https:\/\/www.dttech.com.tr\/index.php?rest_route=\/wp\/v2\/types\/page"}],"author":[{"embeddable":true,"href":"https:\/\/www.dttech.com.tr\/index.php?rest_route=\/wp\/v2\/users\/1"}],"replies":[{"embeddable":true,"href":"https:\/\/www.dttech.com.tr\/index.php?rest_route=%2Fwp%2Fv2%2Fcomments&post=25968"}],"version-history":[{"count":5,"href":"https:\/\/www.dttech.com.tr\/index.php?rest_route=\/wp\/v2\/pages\/25968\/revisions"}],"predecessor-version":[{"id":26005,"href":"https:\/\/www.dttech.com.tr\/index.php?rest_route=\/wp\/v2\/pages\/25968\/revisions\/26005"}],"up":[{"embeddable":true,"href":"https:\/\/www.dttech.com.tr\/index.php?rest_route=\/wp\/v2\/pages\/8930"}],"wp:attachment":[{"href":"https:\/\/www.dttech.com.tr\/index.php?rest_route=%2Fwp%2Fv2%2Fmedia&parent=25968"}],"curies":[{"name":"wp","href":"https:\/\/api.w.org\/{rel}","templated":true}]}}