{"id":25962,"date":"2018-11-21T13:53:59","date_gmt":"2018-11-21T13:53:59","guid":{"rendered":"https:\/\/www.dttech.com.tr\/?page_id=25962"},"modified":"2023-06-04T21:24:44","modified_gmt":"2023-06-04T21:24:44","slug":"emerson-anderson-6-9","status":"publish","type":"page","link":"https:\/\/www.dttech.com.tr\/?page_id=25962","title":{"rendered":"Havac\u0131l\u0131k ve Savunma Sanayi"},"content":{"rendered":"<div class=\"wpb-content-wrapper\"><p>[vc_row][vc_column offset=&#8221;vc_hidden-xs&#8221;]<div class=\"clearboth\"><\/div><style>#thegem-divider-69e33d580a8d5 {margin-top: 130px !important;}<\/style><div id=\"thegem-divider-69e33d580a8d5\" class=\"gem-divider  \" style=\"\" ><\/div>[\/vc_column][\/vc_row][vc_row equal_height=&#8221;yes&#8221; css=&#8221;.vc_custom_1542807404410{margin-bottom: 0px !important;}&#8221;][vc_column offset=&#8221;vc_col-md-6 vc_col-xs-12&#8243;]<div class=\"centered-box gem-image-centered-box\" ><div class=\"gem-image gem-wrapbox gem-wrapbox-style-default gem-wrapbox-position-centered  thegem-custom-69e33d580a91f5914\"  style=\"\" ><div class=\"gem-wrapbox-inner \" ><img class=\"gem-wrapbox-element img-responsive\" src=\"https:\/\/www.dttech.com.tr\/wp-content\/uploads\/2016\/03\/hava.jpg\" alt=\"\"\/><\/div><\/div><\/div>[\/vc_column][vc_column css_animation=&#8221;bottom-to-top&#8221; offset=&#8221;vc_col-md-6 vc_col-xs-12&#8243;][vc_column_text css_animation=&#8221;bottom-to-top&#8221; css=&#8221;.vc_custom_1685906778597{margin-top: -12px !important;}&#8221;]<\/p>\n<h2>Havac\u0131l\u0131k ve Savunma Sanayi sekt\u00f6r\u00fcn\u00fcn g\u00fcncel zorluklar\u0131n\u0131n \u00fcstesinden gelin<\/h2>\n<p>[\/vc_column_text][vc_row_inner][vc_column_inner offset=&#8221;vc_hidden-md vc_hidden-sm vc_hidden-xs&#8221;]<div class=\"clearboth\"><\/div><style>#thegem-divider-69e33d580af1e {margin-top: 30px !important;}<\/style><div id=\"thegem-divider-69e33d580af1e\" class=\"gem-divider  \" style=\"\" ><\/div>[\/vc_column_inner][\/vc_row_inner][vc_column_text css_animation=&#8221;bottom-to-top&#8221;]<\/p>\n<div class=\"styled-subtitle\">Tasar\u0131m ve m\u00fchendislikten \u00fcretim, teslimat ve servise kadar eksiksiz, u\u00e7tan uca ya\u015fam d\u00f6ng\u00fcs\u00fc deste\u011fi<\/div>\n<p>[\/vc_column_text][vc_row_inner disable_element=&#8221;yes&#8221;][vc_column_inner offset=&#8221;vc_hidden-md vc_hidden-sm vc_hidden-xs&#8221;]<div class=\"clearboth\"><\/div><style>#thegem-divider-69e33d580af36 {margin-top: 30px !important;}<\/style><div id=\"thegem-divider-69e33d580af36\" class=\"gem-divider  \" style=\"\" ><\/div>[\/vc_column_inner][\/vc_row_inner][\/vc_column][\/vc_row][vc_row][vc_column offset=&#8221;vc_hidden-md vc_hidden-sm vc_hidden-xs&#8221;]<div class=\"clearboth\"><\/div><style>#thegem-divider-69e33d580af48 {margin-top: 70px !important;}<\/style><div id=\"thegem-divider-69e33d580af48\" class=\"gem-divider  \" style=\"\" ><\/div>[\/vc_column][\/vc_row][vc_row][vc_column width=&#8221;1\/2&#8243; css_animation=&#8221;bottom-to-top&#8221;]<div   class=\"gem-quote gem-quote-style-1 gem-quote-no-paddings\" ><blockquote  >Savunma ve Havac\u0131l\u0131k sekt\u00f6r\u00fcnde d\u00fcnyada, 100\u2019\u00fcn \u00fczerinde m\u00fc\u015fteriye sahip olan IFS ERP, sekt\u00f6r\u00fcnde uzman dan\u0131\u015fmanl\u0131k ekibi sayesinde, i\u015fletmelerin ihtiya\u00e7lar\u0131na \u00e7\u00f6z\u00fcmler sunmaktad\u0131r.<\/blockquote><\/div>[\/vc_column][vc_column width=&#8221;1\/2&#8243;][vc_column_text css_animation=&#8221;bottom-to-top&#8221;]IFS ERP Uygulamalar\u0131, Havac\u0131l\u0131k ve Savunma \u00dcreticileri i\u00e7in proje odakl\u0131 ERP seti sunar. S\u0131k\u0131 Proje Y\u00f6netim Kontrol\u00fc ile IFS, karma\u015f\u0131k \u00fcretim projeleri veya sipari\u015fe g\u00f6re m\u00fchendislik gerekliliklerinin t\u00fcm \u00dcr\u00fcn Ya\u015fam D\u00f6ng\u00fcs\u00fc Y\u00f6netimini sa\u011flar. T\u00fcm s\u00fcre\u00e7lerin tam entegrasyonu ile \u015firketlerin s\u00f6zle\u015fme maliyetlerini kontrol eder, tedarik zinciri verimliliklerini ve ihracat kontrol d\u00fczenlemelerine ba\u011fl\u0131l\u0131\u011f\u0131 art\u0131r\u0131r ve ISO uyumunu sa\u011flar. Tasar\u0131mdan sat\u0131\u015f sonras\u0131 destek dahil t\u00fcm \u00fcr\u00fcn ya\u015fam d\u00f6ng\u00fcs\u00fcn\u00fc kapsar.[\/vc_column_text][\/vc_column][\/vc_row][vc_row][vc_column width=&#8221;1\/2&#8243;][vc_column_text css_animation=&#8221;bottom-to-top&#8221;]<\/p>\n<h4 class=\"heading bottom25\">Sekt\u00f6rel Gereksinimler<\/h4>\n<ul>\n<li>Filo ve Varl\u0131k Y\u00f6netimi<\/li>\n<li>A\u011f\u0131r Bak\u0131m<\/li>\n<li>Karma\u015f\u0131k montaj MRO<\/li>\n<li>Par\u00e7a bazl\u0131 MRO<\/li>\n<li>Bile\u015fen MRO<\/li>\n<li>Kurumsal Operasyonel \u0130stihbarat<\/li>\n<li>Kurumsal Performans Y\u00f6netimi (CPM)<\/li>\n<li>Tedarik zinciri ve depo y\u00f6netimi<\/li>\n<li>Bak\u0131m Onar\u0131m ve Revizyon (MRO)<\/li>\n<li>Hat Bak\u0131m<\/li>\n<li>Bak\u0131m, Onar\u0131m ve Tamir (MRO)<\/li>\n<\/ul>\n<p>[\/vc_column_text][\/vc_column][vc_column width=&#8221;1\/2&#8243;]<div   class=\"gem-quote gem-quote-style-1 gem-quote-no-paddings\" ><blockquote  >IFS, derin sekt\u00f6r bilgisinin m\u00fc\u015fterilerinin ba\u015far\u0131s\u0131n\u0131n anahtar\u0131 oldu\u011funu biliyor&#8230; \u00c7\u00f6z\u00fcmlerini m\u00fckemmelle\u015ftirmek i\u00e7in onlarca y\u0131ld\u0131r m\u00fc\u015fterilerle yak\u0131n bir \u015fekilde \u00e7al\u0131\u015f\u0131yor ve baz\u0131 m\u00fc\u015fterilerin, Yat\u0131r\u0131m Getirisinin iki kat\u0131na \u00e7\u0131karmas\u0131n\u0131 sa\u011fl\u0131yor.<\/blockquote><\/div>[\/vc_column][\/vc_row][vc_row][vc_column offset=&#8221;vc_hidden-sm vc_hidden-xs&#8221;]<div class=\"clearboth\"><\/div><style>#thegem-divider-69e33d580af74 {margin-top: 100px !important;}<\/style><div id=\"thegem-divider-69e33d580af74\" class=\"gem-divider  \" style=\"\" ><\/div>[\/vc_column][\/vc_row]<\/p>\n<\/div>","protected":false},"excerpt":{"rendered":"<p>[vc_row][vc_column offset=&#8221;vc_hidden-xs&#8221;][\/vc_column][\/vc_row][vc_row equal_height=&#8221;yes&#8221; css=&#8221;.vc_custom_1542807404410{margin-bottom: 0px !important;}&#8221;][vc_column offset=&#8221;vc_col-md-6 vc_col-xs-12&#8243;][\/vc_column][vc_column css_animation=&#8221;bottom-to-top&#8221; offset=&#8221;vc_col-md-6 vc_col-xs-12&#8243;][vc_column_text css_animation=&#8221;bottom-to-top&#8221; css=&#8221;.vc_custom_1685906778597{margin-top: -12px !important;}&#8221;] Havac\u0131l\u0131k ve Savunma Sanayi sekt\u00f6r\u00fcn\u00fcn&#8230;<\/p>\n","protected":false},"author":1,"featured_media":0,"parent":8930,"menu_order":0,"comment_status":"closed","ping_status":"closed","template":"","meta":{"footnotes":""},"class_list":["post-25962","page","type-page","status-publish"],"_links":{"self":[{"href":"https:\/\/www.dttech.com.tr\/index.php?rest_route=\/wp\/v2\/pages\/25962","targetHints":{"allow":["GET"]}}],"collection":[{"href":"https:\/\/www.dttech.com.tr\/index.php?rest_route=\/wp\/v2\/pages"}],"about":[{"href":"https:\/\/www.dttech.com.tr\/index.php?rest_route=\/wp\/v2\/types\/page"}],"author":[{"embeddable":true,"href":"https:\/\/www.dttech.com.tr\/index.php?rest_route=\/wp\/v2\/users\/1"}],"replies":[{"embeddable":true,"href":"https:\/\/www.dttech.com.tr\/index.php?rest_route=%2Fwp%2Fv2%2Fcomments&post=25962"}],"version-history":[{"count":5,"href":"https:\/\/www.dttech.com.tr\/index.php?rest_route=\/wp\/v2\/pages\/25962\/revisions"}],"predecessor-version":[{"id":26004,"href":"https:\/\/www.dttech.com.tr\/index.php?rest_route=\/wp\/v2\/pages\/25962\/revisions\/26004"}],"up":[{"embeddable":true,"href":"https:\/\/www.dttech.com.tr\/index.php?rest_route=\/wp\/v2\/pages\/8930"}],"wp:attachment":[{"href":"https:\/\/www.dttech.com.tr\/index.php?rest_route=%2Fwp%2Fv2%2Fmedia&parent=25962"}],"curies":[{"name":"wp","href":"https:\/\/api.w.org\/{rel}","templated":true}]}}