{"id":25958,"date":"2018-11-21T13:53:59","date_gmt":"2018-11-21T13:53:59","guid":{"rendered":"https:\/\/www.dttech.com.tr\/?page_id=25958"},"modified":"2023-06-04T21:22:51","modified_gmt":"2023-06-04T21:22:51","slug":"emerson-anderson-6-7","status":"publish","type":"page","link":"https:\/\/www.dttech.com.tr\/?page_id=25958","title":{"rendered":"Mobilya ve Aksesuar"},"content":{"rendered":"<div class=\"wpb-content-wrapper\"><p>[vc_row][vc_column offset=&#8221;vc_hidden-xs&#8221;]<div class=\"clearboth\"><\/div><style>#thegem-divider-69e33e03965ca {margin-top: 130px !important;}<\/style><div id=\"thegem-divider-69e33e03965ca\" class=\"gem-divider  \" style=\"\" ><\/div>[\/vc_column][\/vc_row][vc_row equal_height=&#8221;yes&#8221; css=&#8221;.vc_custom_1542807404410{margin-bottom: 0px !important;}&#8221;][vc_column offset=&#8221;vc_col-md-6 vc_col-xs-12&#8243;]<div class=\"centered-box gem-image-centered-box\" ><div class=\"gem-image gem-wrapbox gem-wrapbox-style-default gem-wrapbox-position-centered  thegem-custom-69e33e03966017998\"  style=\"\" ><div class=\"gem-wrapbox-inner \" ><img class=\"gem-wrapbox-element img-responsive\" src=\"https:\/\/www.dttech.com.tr\/wp-content\/uploads\/2016\/03\/mobilya.png\" alt=\"\"\/><\/div><\/div><\/div>[\/vc_column][vc_column css_animation=&#8221;bottom-to-top&#8221; offset=&#8221;vc_col-md-6 vc_col-xs-12&#8243;][vc_column_text css_animation=&#8221;bottom-to-top&#8221; css=&#8221;.vc_custom_1685913723133{margin-top: -12px !important;}&#8221;]<\/p>\n<h2>Mobilya , Aksesuar ve Cam ayna sekt\u00f6r\u00fcn\u00fcn g\u00fcncel zorluklar\u0131n\u0131n \u00fcstesinden gelin<\/h2>\n<p>[\/vc_column_text][vc_row_inner][vc_column_inner offset=&#8221;vc_hidden-md vc_hidden-sm vc_hidden-xs&#8221;]<div class=\"clearboth\"><\/div><style>#thegem-divider-69e33e039697b {margin-top: 30px !important;}<\/style><div id=\"thegem-divider-69e33e039697b\" class=\"gem-divider  \" style=\"\" ><\/div>[\/vc_column_inner][\/vc_row_inner][vc_column_text css_animation=&#8221;bottom-to-top&#8221;]<\/p>\n<div class=\"styled-subtitle\">Tasar\u0131m ve m\u00fchendislikten \u00fcretim, teslimat ve servise kadar eksiksiz, u\u00e7tan uca ya\u015fam d\u00f6ng\u00fcs\u00fc deste\u011fi<\/div>\n<p>[\/vc_column_text][vc_row_inner disable_element=&#8221;yes&#8221;][vc_column_inner offset=&#8221;vc_hidden-md vc_hidden-sm vc_hidden-xs&#8221;]<div class=\"clearboth\"><\/div><style>#thegem-divider-69e33e0396993 {margin-top: 30px !important;}<\/style><div id=\"thegem-divider-69e33e0396993\" class=\"gem-divider  \" style=\"\" ><\/div>[\/vc_column_inner][\/vc_row_inner][\/vc_column][\/vc_row][vc_row][vc_column offset=&#8221;vc_hidden-md vc_hidden-sm vc_hidden-xs&#8221;]<div class=\"clearboth\"><\/div><style>#thegem-divider-69e33e03969a4 {margin-top: 70px !important;}<\/style><div id=\"thegem-divider-69e33e03969a4\" class=\"gem-divider  \" style=\"\" ><\/div>[\/vc_column][\/vc_row][vc_row][vc_column width=&#8221;1\/2&#8243; css_animation=&#8221;bottom-to-top&#8221;]<div   class=\"gem-quote gem-quote-style-1 gem-quote-no-paddings\" ><blockquote  >Mobilya ve Aksesuar sekt\u00f6r\u00fcnde d\u00fcnyada, 100\u2019\u00fcn \u00fczerinde m\u00fc\u015fteriye sahip olan IFS ERP, sekt\u00f6r\u00fcnde uzman dan\u0131\u015fmanl\u0131k ekibi sayesinde, i\u015fletmelerin ihtiya\u00e7lar\u0131na \u00e7\u00f6z\u00fcmler sunmaktad\u0131r.<\/blockquote><\/div>[\/vc_column][vc_column width=&#8221;1\/2&#8243;][vc_column_text css_animation=&#8221;bottom-to-top&#8221;]Mobilya ve Aksesuar Sekt\u00f6r\u00fcndeki i\u015fletmelerin yukar\u0131daki ana gereksinimlerini sekt\u00f6re \u00f6zel geli\u015ftirilmi\u015f zengin fonksiyonel yap\u0131ya sahip \u00dcretim \u00c7\u00f6z\u00fcmleri, Sat\u0131\u015f ve Da\u011f\u0131t\u0131m Mod\u00fclleri ile desteklerken, IFS ERP Perakende ve Toptan Sat\u0131\u015f Uygulamalar\u0131 ile sat\u0131\u015f kanal\u0131n\u0131n y\u00f6netilmesini sa\u011flamaktad\u0131r. Klasik ERP uygulamalar\u0131 kapsam\u0131nda olan di\u011fer mod\u00fcllerin bir araya gelmesi ile de mobilya \u00fcreticileri i\u00e7in komple bir kurumsal \u00e7\u00f6z\u00fcm olu\u015fmaktad\u0131r.[\/vc_column_text][\/vc_column][\/vc_row][vc_row][vc_column width=&#8221;1\/2&#8243;][vc_column_text css_animation=&#8221;bottom-to-top&#8221;]<\/p>\n<h4 class=\"heading bottom25\">Sekt\u00f6rel Gereksinimler<\/h4>\n<ul>\n<li>Sipari\u015fe \u00d6zel Konfig\u00fcrasyon<\/li>\n<li>M\u00fc\u015fteriye \u00f6zel teklif haz\u0131rlama ve fiyatland\u0131rma<\/li>\n<li>M\u00fc\u015fteri Sipari\u015f Takibi \u2013 Dinamik Sipari\u015f Takibi<\/li>\n<li>Paket, Ambalaj ve Set Y\u00f6netimi<\/li>\n<li>Sekt\u00f6re \u00d6zel Sat\u0131\u015f Ba\u011flant\u0131lar\u0131n\u0131n Y\u00f6netilmesi<\/li>\n<li>Bayii Prim Hesaplamalar\u0131<\/li>\n<li>Sevkiyat Planlamas\u0131 ve Hacim Hesaplamalar\u0131<\/li>\n<li>Kesim Masas\u0131na \u00f6zel \u0130\u015f emri Y\u00f6netim Mant\u0131\u011f\u0131<\/li>\n<li>Mixed Mode \u00dcretim Gereksinimi (At\u00f6lye tarz\u0131 \u00fcretim-Seri \u00fcretim)<\/li>\n<li>\u0130nteraktif \u00c7izelgeleme- Drag-Drop<\/li>\n<li>Envanter Hareketlerinin Barkod Uygulamalar\u0131 ile desteklenmesi<\/li>\n<li>Geli\u015fmi\u015f At\u00f6lye -\u00dcretim- Veri toplama Sistemi<\/li>\n<li>Detay Filli Maliyet ve Maliyet Analizleri<\/li>\n<li>Tedarik Portallar\u0131<\/li>\n<li>Tedarik\u00e7i De\u011ferlendirme Sistemi<\/li>\n<li>Kalite Kontrol Uygulamalar\u0131<\/li>\n<li>Bak\u0131m Y\u00f6netim Sistemi<\/li>\n<\/ul>\n<p>[\/vc_column_text][\/vc_column][vc_column width=&#8221;1\/2&#8243;]<div   class=\"gem-quote gem-quote-style-1 gem-quote-no-paddings\" ><blockquote  >IFS, derin sekt\u00f6r bilgisinin m\u00fc\u015fterilerinin ba\u015far\u0131s\u0131n\u0131n anahtar\u0131 oldu\u011funu biliyor&#8230; \u00c7\u00f6z\u00fcmlerini m\u00fckemmelle\u015ftirmek i\u00e7in onlarca y\u0131ld\u0131r m\u00fc\u015fterilerle yak\u0131n bir \u015fekilde \u00e7al\u0131\u015f\u0131yor ve baz\u0131 m\u00fc\u015fterilerin, Yat\u0131r\u0131m Getirisinin iki kat\u0131na \u00e7\u0131karmas\u0131n\u0131 sa\u011fl\u0131yor.<\/blockquote><\/div>[\/vc_column][\/vc_row][vc_row][vc_column offset=&#8221;vc_hidden-sm vc_hidden-xs&#8221;]<div class=\"clearboth\"><\/div><style>#thegem-divider-69e33e03969ce {margin-top: 100px !important;}<\/style><div id=\"thegem-divider-69e33e03969ce\" class=\"gem-divider  \" style=\"\" ><\/div>[\/vc_column][\/vc_row]<\/p>\n<\/div>","protected":false},"excerpt":{"rendered":"<p>[vc_row][vc_column offset=&#8221;vc_hidden-xs&#8221;][\/vc_column][\/vc_row][vc_row equal_height=&#8221;yes&#8221; css=&#8221;.vc_custom_1542807404410{margin-bottom: 0px !important;}&#8221;][vc_column offset=&#8221;vc_col-md-6 vc_col-xs-12&#8243;][\/vc_column][vc_column css_animation=&#8221;bottom-to-top&#8221; offset=&#8221;vc_col-md-6 vc_col-xs-12&#8243;][vc_column_text css_animation=&#8221;bottom-to-top&#8221; css=&#8221;.vc_custom_1685913723133{margin-top: -12px !important;}&#8221;] Mobilya , Aksesuar ve Cam&#8230;<\/p>\n","protected":false},"author":1,"featured_media":0,"parent":8930,"menu_order":0,"comment_status":"closed","ping_status":"closed","template":"","meta":{"footnotes":""},"class_list":["post-25958","page","type-page","status-publish"],"_links":{"self":[{"href":"https:\/\/www.dttech.com.tr\/index.php?rest_route=\/wp\/v2\/pages\/25958","targetHints":{"allow":["GET"]}}],"collection":[{"href":"https:\/\/www.dttech.com.tr\/index.php?rest_route=\/wp\/v2\/pages"}],"about":[{"href":"https:\/\/www.dttech.com.tr\/index.php?rest_route=\/wp\/v2\/types\/page"}],"author":[{"embeddable":true,"href":"https:\/\/www.dttech.com.tr\/index.php?rest_route=\/wp\/v2\/users\/1"}],"replies":[{"embeddable":true,"href":"https:\/\/www.dttech.com.tr\/index.php?rest_route=%2Fwp%2Fv2%2Fcomments&post=25958"}],"version-history":[{"count":6,"href":"https:\/\/www.dttech.com.tr\/index.php?rest_route=\/wp\/v2\/pages\/25958\/revisions"}],"predecessor-version":[{"id":26003,"href":"https:\/\/www.dttech.com.tr\/index.php?rest_route=\/wp\/v2\/pages\/25958\/revisions\/26003"}],"up":[{"embeddable":true,"href":"https:\/\/www.dttech.com.tr\/index.php?rest_route=\/wp\/v2\/pages\/8930"}],"wp:attachment":[{"href":"https:\/\/www.dttech.com.tr\/index.php?rest_route=%2Fwp%2Fv2%2Fmedia&parent=25958"}],"curies":[{"name":"wp","href":"https:\/\/api.w.org\/{rel}","templated":true}]}}