{"id":25953,"date":"2018-11-21T13:53:59","date_gmt":"2018-11-21T13:53:59","guid":{"rendered":"https:\/\/www.dttech.com.tr\/?page_id=25953"},"modified":"2023-06-04T21:10:27","modified_gmt":"2023-06-04T21:10:27","slug":"emerson-anderson-5-6","status":"publish","type":"page","link":"https:\/\/www.dttech.com.tr\/?page_id=25953","title":{"rendered":"Plastik ve Kau\u00e7uk"},"content":{"rendered":"<div class=\"wpb-content-wrapper\"><p>[vc_row][vc_column offset=&#8221;vc_hidden-xs&#8221;]<div class=\"clearboth\"><\/div><style>#thegem-divider-69e1dda0499ce {margin-top: 130px !important;}<\/style><div id=\"thegem-divider-69e1dda0499ce\" class=\"gem-divider  \" style=\"\" ><\/div>[\/vc_column][\/vc_row][vc_row equal_height=&#8221;yes&#8221; css=&#8221;.vc_custom_1542807404410{margin-bottom: 0px !important;}&#8221;][vc_column offset=&#8221;vc_col-md-6 vc_col-xs-12&#8243;]<div class=\"centered-box gem-image-centered-box\" ><div class=\"gem-image gem-wrapbox gem-wrapbox-style-default gem-wrapbox-position-centered  thegem-custom-69e1dda049a0b8136\"  style=\"\" ><div class=\"gem-wrapbox-inner \" ><img class=\"gem-wrapbox-element img-responsive\" src=\"https:\/\/www.dttech.com.tr\/wp-content\/uploads\/2016\/03\/kaucuk-1.jpg\" alt=\"\"\/><\/div><\/div><\/div>[\/vc_column][vc_column css_animation=&#8221;bottom-to-top&#8221; offset=&#8221;vc_col-md-6 vc_col-xs-12&#8243;][vc_column_text css_animation=&#8221;bottom-to-top&#8221; css=&#8221;.vc_custom_1685477558041{margin-top: -12px !important;}&#8221;]<\/p>\n<h2>Plastik Ve Kau\u00e7uk sekt\u00f6r\u00fcn\u00fcn g\u00fcncel zorluklar\u0131n\u0131n \u00fcstesinden gelin<\/h2>\n<p>[\/vc_column_text][vc_row_inner][vc_column_inner offset=&#8221;vc_hidden-md vc_hidden-sm vc_hidden-xs&#8221;]<div class=\"clearboth\"><\/div><style>#thegem-divider-69e1dda049dad {margin-top: 30px !important;}<\/style><div id=\"thegem-divider-69e1dda049dad\" class=\"gem-divider  \" style=\"\" ><\/div>[\/vc_column_inner][\/vc_row_inner][vc_column_text css_animation=&#8221;bottom-to-top&#8221;]<\/p>\n<div class=\"styled-subtitle\">Tasar\u0131m ve m\u00fchendislikten \u00fcretim, teslimat ve servise kadar eksiksiz, u\u00e7tan uca ya\u015fam d\u00f6ng\u00fcs\u00fc deste\u011fi<\/div>\n<p>[\/vc_column_text][vc_row_inner disable_element=&#8221;yes&#8221;][vc_column_inner offset=&#8221;vc_hidden-md vc_hidden-sm vc_hidden-xs&#8221;]<div class=\"clearboth\"><\/div><style>#thegem-divider-69e1dda049dd1 {margin-top: 30px !important;}<\/style><div id=\"thegem-divider-69e1dda049dd1\" class=\"gem-divider  \" style=\"\" ><\/div>[\/vc_column_inner][\/vc_row_inner][\/vc_column][\/vc_row][vc_row][vc_column offset=&#8221;vc_hidden-md vc_hidden-sm vc_hidden-xs&#8221;]<div class=\"clearboth\"><\/div><style>#thegem-divider-69e1dda049de9 {margin-top: 70px !important;}<\/style><div id=\"thegem-divider-69e1dda049de9\" class=\"gem-divider  \" style=\"\" ><\/div>[\/vc_column][\/vc_row][vc_row][vc_column width=&#8221;1\/2&#8243; css_animation=&#8221;bottom-to-top&#8221;]<div   class=\"gem-quote gem-quote-style-1 gem-quote-no-paddings\" ><blockquote  >Plastik ve Kau\u00e7uk sekt\u00f6r\u00fcnde d\u00fcnyada, 100&#8217;\u00fcn \u00fczerinde m\u00fc\u015fteriye sahip olan IFS ERP, sekt\u00f6r\u00fcnde uzman dan\u0131\u015fmanl\u0131k ekibi sayesinde, i\u015fletmelerin ihtiya\u00e7lar\u0131na \u00e7\u00f6z\u00fcmler sunmaktad\u0131r.<\/blockquote><\/div>[\/vc_column][vc_column width=&#8221;1\/2&#8243;][vc_column_text css_animation=&#8221;bottom-to-top&#8221;]Malzeme karakteristi\u011finden dolay\u0131 \u00e7ok geni\u015f uygulama alan\u0131 olan Plastik \u00fcr\u00fcnler hayat\u0131m\u0131z\u0131n bir \u00e7ok noktas\u0131na girmi\u015f durumdad\u0131r. Bu kadar geni\u015f bir uygulama alan\u0131 olan \u00fcr\u00fcnleri \u00fcreten sekt\u00f6r\u00fcn gereksinimleri de benzer \u015fekilde farkl\u0131l\u0131klar g\u00f6stermektedir. Seri imalat \u015feklinde \u00fcretilen \u00fcr\u00fcnlerin yan\u0131 s\u0131ra m\u00fc\u015fteri istekleri do\u011frultusunda sipari\u015fe \u00f6zel \u00fcretim, hatta m\u00fc\u015fteriye \u00f6zel tasar\u0131m ve kal\u0131p \u00e7al\u0131\u015fmas\u0131 yapan \u00fcretici firmalar bulunmaktad\u0131r. \u00dcr\u00fcn gam\u0131 geni\u015f olan i\u015fletmelerde, ayn\u0131 firma seri imalat yaparken ayn\u0131 zamanda m\u00fc\u015fteri bazl\u0131 \u00f6zel \u00fcr\u00fcnler \u00fcretebilmektedir. IFS ERP, bu tarz farkl\u0131 tip \u00fcretim modellerini ayn\u0131 anda destekleyen yap\u0131s\u0131 ve geli\u015fmi\u015f \u00fcretim planlama , takip ve \u00fcretim veri toplama sistemleri ile \u00fcreticilerin gereksinim duydu\u011fu \u00e7\u00f6z\u00fcmleri sunmaktad\u0131r.[\/vc_column_text][\/vc_column][\/vc_row][vc_row][vc_column width=&#8221;1\/2&#8243;][vc_column_text css_animation=&#8221;bottom-to-top&#8221;]<\/p>\n<h4 class=\"heading bottom25\">Sekt\u00f6rel Gereksinimler<\/h4>\n<ul>\n<li>Mixed Mode \u00dcretim gereksinimi (At\u00f6lye tarz\u0131 \u00fcretim-Seri \u00fcretim)<\/li>\n<li>Sipari\u015fe \u00d6zel Konfig\u00fcrasyon<\/li>\n<li>M\u00fc\u015fteriye \u00f6zel teklif haz\u0131rlama ve fiyatland\u0131rma<\/li>\n<li>M\u00fc\u015fteri Sipari\u015f Takibi \u2013 Dinamik Sipari\u015f Takibi<\/li>\n<li>Paket, Ambalaj ve Set Y\u00f6netimi<\/li>\n<li>Farkl\u0131 \u00f6l\u00e7\u00fc birimleri ile takip<\/li>\n<li>\u0130leri D\u00fczey Planlama Ara\u00e7lar\u0131 \u2013 K\u0131s\u0131t Bazl\u0131 Sonlu Kapasite Planlama<\/li>\n<li>Bayii Prim Hesaplamalar\u0131<\/li>\n<li>Sonlu Kapasite Planlama ,\u0130nteraktif \u00c7izelgeleme \u2013 Drag-Drop<\/li>\n<li>Fire takibi ve yeniden kullan\u0131labilir \u00e7apaklar\u0131n \u00fcretime geri beslenmesi<\/li>\n<li>Detay filli maliyet ve maliyet analizleri<\/li>\n<li>Kal\u0131p \u00fcretim i\u015flemlerinin ve maliyetlerinin takip edilmesi<\/li>\n<li>\u00dcr\u00fcn geli\u015ftirme ( Ar-Ge) faaliyetlerinin takibi ve maliyetlendirmesi<\/li>\n<li>Sevkiyat Planlamas\u0131 ve Hacim Hesaplamalar\u0131<\/li>\n<li>Envanter Hareketlerinin Barkod Uygulamalar\u0131 ile desteklenmesi<\/li>\n<li>Tedarik Portallar\u0131<\/li>\n<li>Tedarik\u00e7i De\u011ferlendirme Sistemi<\/li>\n<li>Kalite Kontrol Uygulamalar\u0131<\/li>\n<li>Bak\u0131m Y\u00f6netim Sistemi<\/li>\n<\/ul>\n<p>[\/vc_column_text][\/vc_column][vc_column width=&#8221;1\/2&#8243;]<div   class=\"gem-quote gem-quote-style-1 gem-quote-no-paddings\" ><blockquote  >IFS, derin sekt\u00f6r bilgisinin m\u00fc\u015fterilerinin ba\u015far\u0131s\u0131n\u0131n anahtar\u0131 oldu\u011funu biliyor&#8230; \u00c7\u00f6z\u00fcmlerini m\u00fckemmelle\u015ftirmek i\u00e7in onlarca y\u0131ld\u0131r m\u00fc\u015fterilerle yak\u0131n bir \u015fekilde \u00e7al\u0131\u015f\u0131yor ve baz\u0131 m\u00fc\u015fterilerin, Yat\u0131r\u0131m Getirisinin iki kat\u0131na \u00e7\u0131karmas\u0131n\u0131 sa\u011fl\u0131yor.<\/blockquote><\/div>[\/vc_column][\/vc_row][vc_row][vc_column offset=&#8221;vc_hidden-sm vc_hidden-xs&#8221;]<div class=\"clearboth\"><\/div><style>#thegem-divider-69e1dda049e29 {margin-top: 100px !important;}<\/style><div id=\"thegem-divider-69e1dda049e29\" class=\"gem-divider  \" style=\"\" ><\/div>[\/vc_column][\/vc_row]<\/p>\n<\/div>","protected":false},"excerpt":{"rendered":"<p>[vc_row][vc_column offset=&#8221;vc_hidden-xs&#8221;][\/vc_column][\/vc_row][vc_row equal_height=&#8221;yes&#8221; css=&#8221;.vc_custom_1542807404410{margin-bottom: 0px !important;}&#8221;][vc_column offset=&#8221;vc_col-md-6 vc_col-xs-12&#8243;][\/vc_column][vc_column css_animation=&#8221;bottom-to-top&#8221; offset=&#8221;vc_col-md-6 vc_col-xs-12&#8243;][vc_column_text css_animation=&#8221;bottom-to-top&#8221; css=&#8221;.vc_custom_1685477558041{margin-top: -12px !important;}&#8221;] Plastik Ve Kau\u00e7uk sekt\u00f6r\u00fcn\u00fcn g\u00fcncel&#8230;<\/p>\n","protected":false},"author":1,"featured_media":0,"parent":8930,"menu_order":0,"comment_status":"closed","ping_status":"closed","template":"","meta":{"footnotes":""},"class_list":["post-25953","page","type-page","status-publish"],"_links":{"self":[{"href":"https:\/\/www.dttech.com.tr\/index.php?rest_route=\/wp\/v2\/pages\/25953","targetHints":{"allow":["GET"]}}],"collection":[{"href":"https:\/\/www.dttech.com.tr\/index.php?rest_route=\/wp\/v2\/pages"}],"about":[{"href":"https:\/\/www.dttech.com.tr\/index.php?rest_route=\/wp\/v2\/types\/page"}],"author":[{"embeddable":true,"href":"https:\/\/www.dttech.com.tr\/index.php?rest_route=\/wp\/v2\/users\/1"}],"replies":[{"embeddable":true,"href":"https:\/\/www.dttech.com.tr\/index.php?rest_route=%2Fwp%2Fv2%2Fcomments&post=25953"}],"version-history":[{"count":4,"href":"https:\/\/www.dttech.com.tr\/index.php?rest_route=\/wp\/v2\/pages\/25953\/revisions"}],"predecessor-version":[{"id":25995,"href":"https:\/\/www.dttech.com.tr\/index.php?rest_route=\/wp\/v2\/pages\/25953\/revisions\/25995"}],"up":[{"embeddable":true,"href":"https:\/\/www.dttech.com.tr\/index.php?rest_route=\/wp\/v2\/pages\/8930"}],"wp:attachment":[{"href":"https:\/\/www.dttech.com.tr\/index.php?rest_route=%2Fwp%2Fv2%2Fmedia&parent=25953"}],"curies":[{"name":"wp","href":"https:\/\/api.w.org\/{rel}","templated":true}]}}