{"id":25951,"date":"2018-11-21T13:53:59","date_gmt":"2018-11-21T13:53:59","guid":{"rendered":"https:\/\/www.dttech.com.tr\/?page_id=25951"},"modified":"2023-05-30T19:57:56","modified_gmt":"2023-05-30T19:57:56","slug":"emerson-anderson-5","status":"publish","type":"page","link":"https:\/\/www.dttech.com.tr\/?page_id=25951","title":{"rendered":"Makina"},"content":{"rendered":"<div class=\"wpb-content-wrapper\"><p>[vc_row][vc_column offset=&#8221;vc_hidden-xs&#8221;]<div class=\"clearboth\"><\/div><style>#thegem-divider-69d2740e94b2d {margin-top: 130px !important;}<\/style><div id=\"thegem-divider-69d2740e94b2d\" class=\"gem-divider  \" style=\"\" ><\/div>[\/vc_column][\/vc_row][vc_row equal_height=&#8221;yes&#8221; css=&#8221;.vc_custom_1542807404410{margin-bottom: 0px !important;}&#8221;][vc_column offset=&#8221;vc_col-md-6 vc_col-xs-12&#8243;]<div class=\"centered-box gem-image-centered-box\" ><div class=\"gem-image gem-wrapbox gem-wrapbox-style-default gem-wrapbox-position-centered  thegem-custom-69d2740e94b5f8978\"  style=\"\" ><div class=\"gem-wrapbox-inner \" ><img class=\"gem-wrapbox-element img-responsive\" src=\"https:\/\/www.dttech.com.tr\/wp-content\/uploads\/2016\/03\/makina.jpg\" alt=\"\"\/><\/div><\/div><\/div>[\/vc_column][vc_column css_animation=&#8221;bottom-to-top&#8221; offset=&#8221;vc_col-md-6 vc_col-xs-12&#8243;][vc_column_text css_animation=&#8221;bottom-to-top&#8221; css=&#8221;.vc_custom_1685476135012{margin-top: -12px !important;}&#8221;]<\/p>\n<h2>Makina sekt\u00f6r\u00fcn\u00fcn g\u00fcncel zorluklar\u0131n\u0131n \u00fcstesinden gelin<\/h2>\n<p>[\/vc_column_text][vc_row_inner][vc_column_inner offset=&#8221;vc_hidden-md vc_hidden-sm vc_hidden-xs&#8221;]<div class=\"clearboth\"><\/div><style>#thegem-divider-69d2740e94e32 {margin-top: 30px !important;}<\/style><div id=\"thegem-divider-69d2740e94e32\" class=\"gem-divider  \" style=\"\" ><\/div>[\/vc_column_inner][\/vc_row_inner][vc_column_text css_animation=&#8221;bottom-to-top&#8221;]<\/p>\n<div class=\"styled-subtitle\">Tasar\u0131m ve m\u00fchendislikten \u00fcretim, teslimat ve servise kadar eksiksiz, u\u00e7tan uca ya\u015fam d\u00f6ng\u00fcs\u00fc deste\u011fi<\/div>\n<p>[\/vc_column_text][vc_row_inner disable_element=&#8221;yes&#8221;][vc_column_inner offset=&#8221;vc_hidden-md vc_hidden-sm vc_hidden-xs&#8221;]<div class=\"clearboth\"><\/div><style>#thegem-divider-69d2740e94e4a {margin-top: 30px !important;}<\/style><div id=\"thegem-divider-69d2740e94e4a\" class=\"gem-divider  \" style=\"\" ><\/div>[\/vc_column_inner][\/vc_row_inner][\/vc_column][\/vc_row][vc_row][vc_column offset=&#8221;vc_hidden-md vc_hidden-sm vc_hidden-xs&#8221;]<div class=\"clearboth\"><\/div><style>#thegem-divider-69d2740e94e5b {margin-top: 70px !important;}<\/style><div id=\"thegem-divider-69d2740e94e5b\" class=\"gem-divider  \" style=\"\" ><\/div>[\/vc_column][\/vc_row][vc_row][vc_column width=&#8221;1\/2&#8243; css_animation=&#8221;bottom-to-top&#8221;]<div   class=\"gem-quote gem-quote-style-1 gem-quote-no-paddings\" ><blockquote  >Makina sekt\u00f6r\u00fcnde d\u00fcnyada, 200\u2019\u00fcn \u00fczerinde m\u00fc\u015fteriye sahip olan IFS ERP, sekt\u00f6r\u00fcnde uzman dan\u0131\u015fmanl\u0131k ekibi sayesinde, makina sekt\u00f6r\u00fcndeki proje deneyimleri ile sekt\u00f6rel uzmanl\u0131k kazanm\u0131\u015f olan dan\u0131\u015fmanl\u0131k ekibi sayesinde, i\u015fletmelerin ihtiya\u00e7lar\u0131na \u00e7\u00f6z\u00fcmler sunmaktad\u0131r.<\/blockquote><\/div>[\/vc_column][vc_column width=&#8221;1\/2&#8243;][vc_column_text css_animation=&#8221;bottom-to-top&#8221;]Makine sekt\u00f6r\u00fcnde sipari\u015fe g\u00f6re de\u011fi\u015fen \u00fcr\u00fcn a\u011fa\u00e7lar\u0131 IFS Konfig\u00fcratif \u00dcretim Modeli ile \u00e7\u00f6z\u00fcme kavu\u015fturulur. IFS Konfig\u00fcratif \u00dcretim Modeli, varyantlar ile kurallara g\u00f6re parametrik olarak \u00fcretim a\u011fa\u00e7lar\u0131n\u0131n ve rotalar\u0131n\u0131n dinamik olu\u015fturulmas\u0131n\u0131 sa\u011flar. B\u00f6ylece de\u011fi\u015fen m\u00fc\u015fteri ihtiya\u00e7lar\u0131na g\u00f6re farkl\u0131la\u015fan \u00f6l\u00e7\u00fc ve \u00f6zelliklerdeki malzemeler i\u00e7in ayr\u0131 kodlar, re\u00e7eteler ve rotalar tan\u0131mlanmas\u0131na gerek kalmaz. Bu model \u00fcretim planlama departman\u0131n\u0131n, gelen m\u00fc\u015fteri sipari\u015flerini en k\u0131sa s\u00fcrede \u00fcretim sahas\u0131na iletmesini sa\u011flayarak, teslimat s\u00fcrelerinin k\u0131salt\u0131lmas\u0131na ve tedarik zincirinin daha etkin y\u00f6netilmesine f\u0131rsat verir.<\/p>\n<p>Sipari\u015fe \u00f6zel m\u00fchendislik gerektiren s\u00fcre\u00e7lerde IFS M\u00fchendislik mod\u00fcl\u00fc ile PDM ve PLM s\u00fcre\u00e7leri de i\u015fleyi\u015fe dahil olur. Yeni par\u00e7a veya revizyon ama\u00e7l\u0131 tasar\u0131m s\u00fcre\u00e7leri IFS PDM mod\u00fcl\u00fc ile tedarik zincirine entegre edilebilir.[\/vc_column_text][\/vc_column][\/vc_row][vc_row][vc_column width=&#8221;1\/2&#8243;][vc_column_text css_animation=&#8221;bottom-to-top&#8221;]<\/p>\n<h4 class=\"heading bottom25\">Sekt\u00f6rel Gereksinimler<\/h4>\n<ul>\n<li>M\u00fc\u015fteriye \u00d6zel Makina Konfig\u00fcrasyonun olu\u015fturulmas\u0131 ve y\u00f6netilmesi<\/li>\n<li>M\u00fc\u015fteriye \u00d6zel Teklif haz\u0131rlama ve fiyatland\u0131rma<\/li>\n<li>\u015eantiye Y\u00f6netimi ve Raporlama<\/li>\n<li>Sipari\u015f Terminleme \u00f6zellikleri<\/li>\n<li>\u00dcr\u00fcn Ya\u015fam D\u00f6ng\u00fcs\u00fc- (Dizayn-Prototip ve Seri \u00dcretim, Sat\u0131\u015f Sonras\u0131 Servis)<\/li>\n<li>M\u00fc\u015fteri Sipari\u015f Takibi -Dinamik Sipari\u015f Takibi<\/li>\n<li>Mixed Mode \u00dcretim Gereksinimi (At\u00f6lye Tarz\u0131 \u00dcretim-Seri \u00dcretim-Prosess Tarz\u0131 \u00dcretim)<\/li>\n<li>\u0130leri D\u00fczey Planlama Gereksinimleri- K\u0131z\u0131t Bazl\u0131 Sonlu Kapasite Planlama<\/li>\n<li>\u0130nteraktif \u00c7izelgeleme- Drag-Drop<\/li>\n<li>Envanter Hareketlerinin Barkod Uygulamalar\u0131 ile desteklenmesi<\/li>\n<li>Geli\u015fmi\u015f At\u00f6lye -\u00dcretim- Veri toplama Sistemi<\/li>\n<li>Detay Fiili maliyet ve maliyet analizleri<\/li>\n<li>Servis Veritaban\u0131 -Sat\u0131\u015f Sonras\u0131 Servis Uygulamalar\u0131<\/li>\n<li>Mobil Servis Uygulamalar\u0131<\/li>\n<li>Tedarik Portallar\u0131<\/li>\n<li>\u0130thalat Dosya Takibi ve \u0130thalat Maliyetleri Da\u011f\u0131l\u0131m\u0131<\/li>\n<li>Tedarik\u00e7i De\u011ferlendirme Sistemi<\/li>\n<li>Kalite Kontrol Uygulamalar\u0131<\/li>\n<li>Bak\u0131m Y\u00f6netim Sistemi<\/li>\n<\/ul>\n<p>[\/vc_column_text][\/vc_column][vc_column width=&#8221;1\/2&#8243;]<div   class=\"gem-quote gem-quote-style-1 gem-quote-no-paddings\" ><blockquote  >IFS, derin sekt\u00f6r bilgisinin m\u00fc\u015fterilerinin ba\u015far\u0131s\u0131n\u0131n anahtar\u0131 oldu\u011funu biliyor&#8230; \u00c7\u00f6z\u00fcmlerini m\u00fckemmelle\u015ftirmek i\u00e7in onlarca y\u0131ld\u0131r m\u00fc\u015fterilerle yak\u0131n bir \u015fekilde \u00e7al\u0131\u015f\u0131yor ve baz\u0131 m\u00fc\u015fterilerin, Yat\u0131r\u0131m Getirisinin iki kat\u0131na \u00e7\u0131karmas\u0131n\u0131 sa\u011fl\u0131yor.<\/blockquote><\/div>[\/vc_column][\/vc_row][vc_row][vc_column offset=&#8221;vc_hidden-sm vc_hidden-xs&#8221;]<div class=\"clearboth\"><\/div><style>#thegem-divider-69d2740e94e86 {margin-top: 100px !important;}<\/style><div id=\"thegem-divider-69d2740e94e86\" class=\"gem-divider  \" style=\"\" ><\/div>[\/vc_column][\/vc_row]<\/p>\n<\/div>","protected":false},"excerpt":{"rendered":"<p>[vc_row][vc_column offset=&#8221;vc_hidden-xs&#8221;][\/vc_column][\/vc_row][vc_row equal_height=&#8221;yes&#8221; css=&#8221;.vc_custom_1542807404410{margin-bottom: 0px !important;}&#8221;][vc_column offset=&#8221;vc_col-md-6 vc_col-xs-12&#8243;][\/vc_column][vc_column css_animation=&#8221;bottom-to-top&#8221; offset=&#8221;vc_col-md-6 vc_col-xs-12&#8243;][vc_column_text css_animation=&#8221;bottom-to-top&#8221; css=&#8221;.vc_custom_1685476135012{margin-top: -12px !important;}&#8221;] Makina sekt\u00f6r\u00fcn\u00fcn g\u00fcncel zorluklar\u0131n\u0131n \u00fcstesinden&#8230;<\/p>\n","protected":false},"author":1,"featured_media":0,"parent":8930,"menu_order":0,"comment_status":"closed","ping_status":"closed","template":"","meta":{"footnotes":""},"class_list":["post-25951","page","type-page","status-publish"],"_links":{"self":[{"href":"https:\/\/www.dttech.com.tr\/index.php?rest_route=\/wp\/v2\/pages\/25951","targetHints":{"allow":["GET"]}}],"collection":[{"href":"https:\/\/www.dttech.com.tr\/index.php?rest_route=\/wp\/v2\/pages"}],"about":[{"href":"https:\/\/www.dttech.com.tr\/index.php?rest_route=\/wp\/v2\/types\/page"}],"author":[{"embeddable":true,"href":"https:\/\/www.dttech.com.tr\/index.php?rest_route=\/wp\/v2\/users\/1"}],"replies":[{"embeddable":true,"href":"https:\/\/www.dttech.com.tr\/index.php?rest_route=%2Fwp%2Fv2%2Fcomments&post=25951"}],"version-history":[{"count":4,"href":"https:\/\/www.dttech.com.tr\/index.php?rest_route=\/wp\/v2\/pages\/25951\/revisions"}],"predecessor-version":[{"id":25976,"href":"https:\/\/www.dttech.com.tr\/index.php?rest_route=\/wp\/v2\/pages\/25951\/revisions\/25976"}],"up":[{"embeddable":true,"href":"https:\/\/www.dttech.com.tr\/index.php?rest_route=\/wp\/v2\/pages\/8930"}],"wp:attachment":[{"href":"https:\/\/www.dttech.com.tr\/index.php?rest_route=%2Fwp%2Fv2%2Fmedia&parent=25951"}],"curies":[{"name":"wp","href":"https:\/\/api.w.org\/{rel}","templated":true}]}}