{"id":24300,"date":"2018-11-21T13:53:59","date_gmt":"2018-11-21T10:53:59","guid":{"rendered":"https:\/\/codex-themes.com\/thegem\/business-multipurpose\/?page_id=24300"},"modified":"2023-06-04T19:17:50","modified_gmt":"2023-06-04T19:17:50","slug":"emerson-anderson","status":"publish","type":"page","link":"https:\/\/www.dttech.com.tr\/?page_id=24300","title":{"rendered":"Otomotiv"},"content":{"rendered":"<div class=\"wpb-content-wrapper\"><p>[vc_row][vc_column offset=&#8221;vc_hidden-xs&#8221;]<div class=\"clearboth\"><\/div><style>#thegem-divider-69e739ce2a613 {margin-top: 130px !important;}<\/style><div id=\"thegem-divider-69e739ce2a613\" class=\"gem-divider  \" style=\"\" ><\/div>[\/vc_column][\/vc_row][vc_row equal_height=&#8221;yes&#8221; css=&#8221;.vc_custom_1542807404410{margin-bottom: 0px !important;}&#8221;][vc_column offset=&#8221;vc_col-md-6 vc_col-xs-12&#8243;]<div class=\"centered-box gem-image-centered-box\" ><div class=\"gem-image gem-wrapbox gem-wrapbox-style-default gem-wrapbox-position-centered  thegem-custom-69e739ce2a66a9859\"  style=\"\" ><div class=\"gem-wrapbox-inner \" ><img class=\"gem-wrapbox-element img-responsive\" src=\"https:\/\/www.dttech.com.tr\/wp-content\/uploads\/2016\/03\/otomotiv.jpg\" alt=\"\"\/><\/div><\/div><\/div>[\/vc_column][vc_column css_animation=&#8221;bottom-to-top&#8221; offset=&#8221;vc_col-md-6 vc_col-xs-12&#8243;][vc_column_text css_animation=&#8221;bottom-to-top&#8221; css=&#8221;.vc_custom_1685906268179{margin-top: -12px !important;}&#8221;]<\/p>\n<h2>Otomotiv sekt\u00f6r\u00fcn\u00fcn g\u00fcncel zorluklar\u0131n\u0131n \u00fcstesinden gelin<\/h2>\n<p>[\/vc_column_text][vc_row_inner][vc_column_inner offset=&#8221;vc_hidden-md vc_hidden-sm vc_hidden-xs&#8221;]<div class=\"clearboth\"><\/div><style>#thegem-divider-69e739ce2b0bc {margin-top: 30px !important;}<\/style><div id=\"thegem-divider-69e739ce2b0bc\" class=\"gem-divider  \" style=\"\" ><\/div>[\/vc_column_inner][\/vc_row_inner][vc_column_text css_animation=&#8221;bottom-to-top&#8221;]<\/p>\n<div class=\"styled-subtitle\">Tasar\u0131m ve m\u00fchendislikten \u00fcretim, teslimat ve servise kadar eksiksiz, u\u00e7tan uca ya\u015fam d\u00f6ng\u00fcs\u00fc deste\u011fi<\/div>\n<p>[\/vc_column_text][vc_row_inner disable_element=&#8221;yes&#8221;][vc_column_inner offset=&#8221;vc_hidden-md vc_hidden-sm vc_hidden-xs&#8221;]<div class=\"clearboth\"><\/div><style>#thegem-divider-69e739ce2b0da {margin-top: 30px !important;}<\/style><div id=\"thegem-divider-69e739ce2b0da\" class=\"gem-divider  \" style=\"\" ><\/div>[\/vc_column_inner][\/vc_row_inner][\/vc_column][\/vc_row][vc_row][vc_column offset=&#8221;vc_hidden-md vc_hidden-sm vc_hidden-xs&#8221;]<div class=\"clearboth\"><\/div><style>#thegem-divider-69e739ce2b0f4 {margin-top: 70px !important;}<\/style><div id=\"thegem-divider-69e739ce2b0f4\" class=\"gem-divider  \" style=\"\" ><\/div>[\/vc_column][\/vc_row][vc_row][vc_column width=&#8221;1\/2&#8243; css_animation=&#8221;bottom-to-top&#8221;]<div   class=\"gem-quote gem-quote-style-1 gem-quote-no-paddings\" ><blockquote  >Otomotiv sekt\u00f6r\u00fcnde d\u00fcnyada, 250\u2019nin \u00fczerinde m\u00fc\u015fteriye sahip olan IFS ERP, sekt\u00f6r\u00fcnde uzman dan\u0131\u015fmanl\u0131k ekibi sayesinde, i\u015fletmelerin ihtiya\u00e7lar\u0131na \u00e7\u00f6z\u00fcmler sunmaktad\u0131r.<\/blockquote><\/div>[\/vc_column][vc_column width=&#8221;1\/2&#8243;][vc_column_text css_animation=&#8221;bottom-to-top&#8221;]Otomotiv end\u00fcstrisindeki h\u0131zl\u0131 de\u011fi\u015fim ve artan rekabet ko\u015fullar\u0131, yeni \u00fcretim y\u00f6ntemlerini ve kompleks tedarik zinciri s\u00fcre\u00e7lerini destekleyen modern ve yenilik\u00e7i kurumsal i\u015f uygulamalar\u0131 ihtiyac\u0131n\u0131 do\u011furdu. IFS 40 y\u0131l\u0131 a\u015fk\u0131n bir s\u00fcredir edindi\u011fi tecr\u00fcbe ile geli\u015ftirdi\u011fi, otomotiv sekt\u00f6r\u00fcne \u00f6zel olarak tasarlanm\u0131\u015f otomotiv \u00e7\u00f6z\u00fcm\u00fc, u\u00e7tan uca tam entegre bir \u015fekilde, ba\u015fka hi\u00e7bir ek uygulamaya gerek kalmadan otomotiv \u015firketlerinin t\u00fcm ihtiya\u00e7lar\u0131n\u0131 kar\u015f\u0131lar.[\/vc_column_text][\/vc_column][\/vc_row][vc_row][vc_column width=&#8221;1\/2&#8243;][vc_column_text css_animation=&#8221;bottom-to-top&#8221;]<\/p>\n<h4 class=\"heading bottom25\">Sekt\u00f6rel Gereksinimler<\/h4>\n<ul>\n<li>\u00dcr\u00fcn Ya\u015fam D\u00f6ng\u00fcs\u00fc \u2013 PLM (Dizayn \u2013 Prototip ve Seri \u00dcretim, Sat\u0131\u015f Sonras\u0131 Servis)<\/li>\n<li>Toplam Kalite Uygulamalar\u0131 (Kalite Kontrol Uygulamalar\u0131)<\/li>\n<li>M\u00fc\u015fteri Programlar\u0131 ve \u00c7izelgeleri<\/li>\n<li>Kanban<\/li>\n<li>EDI \/ XMl Deste\u011fi<\/li>\n<li>Mixed Mode \u00dcretim Deste\u011fi (At\u00f6lye Tarz\u0131 \u2013 Seri \u00dcretim \u2013 Proses tarz\u0131 \u00dcretim)<\/li>\n<li>\u0130leri D\u00fczey Planlama Ara\u00e7lar\u0131 \u2013 K\u0131s\u0131t Bazl\u0131 Sonlu Kapasite Planlama<\/li>\n<li>Yal\u0131n \u00dcretim<\/li>\n<li>At\u00f6lye Kontrol ve \u00dcretim Veri Toplama Sistemi<\/li>\n<li>Envanter ve Sevkiyat i\u015flemlerinin barkodlu yap\u0131labilmesi<\/li>\n<li>Fason i\u015fler takibi<\/li>\n<li>Fiili maliyet ve maliyet analizleri<\/li>\n<li>Safha maliyet analizleri<\/li>\n<li>Tedarik\u00e7i Programlar\u0131 ve \u00c7izelgeleri<\/li>\n<li>Tedarik Portallar\u0131<\/li>\n<li>Geli\u015fmi\u015f Bak\u0131m Y\u00f6netim Sistemi<\/li>\n<li>Tedarik\u00e7i De\u011ferlendirme Sistemi<\/li>\n<li>\u0130thalat Dosya Takibi ve \u0130thalat Maliyetleri Da\u011f\u0131l\u0131m\u0131<\/li>\n<li>Paket \/ Palet \/ Kasa Y\u00f6netimi<\/li>\n<li>Bak\u0131m Y\u00f6netimi \u2013 OEE<\/li>\n<\/ul>\n<p>[\/vc_column_text][\/vc_column][vc_column width=&#8221;1\/2&#8243;]<div   class=\"gem-quote gem-quote-style-1 gem-quote-no-paddings\" ><blockquote  >IFS, derin sekt\u00f6r bilgisinin m\u00fc\u015fterilerinin ba\u015far\u0131s\u0131n\u0131n anahtar\u0131 oldu\u011funu biliyor&#8230; \u00c7\u00f6z\u00fcmlerini m\u00fckemmelle\u015ftirmek i\u00e7in onlarca y\u0131ld\u0131r m\u00fc\u015fterilerle yak\u0131n bir \u015fekilde \u00e7al\u0131\u015f\u0131yor ve baz\u0131 m\u00fc\u015fterilerin, Yat\u0131r\u0131m Getirisinin iki kat\u0131na \u00e7\u0131karmas\u0131n\u0131 sa\u011fl\u0131yor.<\/blockquote><\/div>[\/vc_column][\/vc_row][vc_row][vc_column offset=&#8221;vc_hidden-sm vc_hidden-xs&#8221;]<div class=\"clearboth\"><\/div><style>#thegem-divider-69e739ce2b128 {margin-top: 100px !important;}<\/style><div id=\"thegem-divider-69e739ce2b128\" class=\"gem-divider  \" style=\"\" ><\/div>[\/vc_column][\/vc_row]<\/p>\n<\/div>","protected":false},"excerpt":{"rendered":"<p>[vc_row][vc_column offset=&#8221;vc_hidden-xs&#8221;][\/vc_column][\/vc_row][vc_row equal_height=&#8221;yes&#8221; css=&#8221;.vc_custom_1542807404410{margin-bottom: 0px !important;}&#8221;][vc_column offset=&#8221;vc_col-md-6 vc_col-xs-12&#8243;][\/vc_column][vc_column css_animation=&#8221;bottom-to-top&#8221; offset=&#8221;vc_col-md-6 vc_col-xs-12&#8243;][vc_column_text css_animation=&#8221;bottom-to-top&#8221; css=&#8221;.vc_custom_1685906268179{margin-top: -12px !important;}&#8221;] Otomotiv sekt\u00f6r\u00fcn\u00fcn g\u00fcncel zorluklar\u0131n\u0131n \u00fcstesinden&#8230;<\/p>\n","protected":false},"author":1,"featured_media":0,"parent":8930,"menu_order":0,"comment_status":"closed","ping_status":"closed","template":"","meta":{"footnotes":""},"class_list":["post-24300","page","type-page","status-publish"],"_links":{"self":[{"href":"https:\/\/www.dttech.com.tr\/index.php?rest_route=\/wp\/v2\/pages\/24300","targetHints":{"allow":["GET"]}}],"collection":[{"href":"https:\/\/www.dttech.com.tr\/index.php?rest_route=\/wp\/v2\/pages"}],"about":[{"href":"https:\/\/www.dttech.com.tr\/index.php?rest_route=\/wp\/v2\/types\/page"}],"author":[{"embeddable":true,"href":"https:\/\/www.dttech.com.tr\/index.php?rest_route=\/wp\/v2\/users\/1"}],"replies":[{"embeddable":true,"href":"https:\/\/www.dttech.com.tr\/index.php?rest_route=%2Fwp%2Fv2%2Fcomments&post=24300"}],"version-history":[{"count":20,"href":"https:\/\/www.dttech.com.tr\/index.php?rest_route=\/wp\/v2\/pages\/24300\/revisions"}],"predecessor-version":[{"id":25988,"href":"https:\/\/www.dttech.com.tr\/index.php?rest_route=\/wp\/v2\/pages\/24300\/revisions\/25988"}],"up":[{"embeddable":true,"href":"https:\/\/www.dttech.com.tr\/index.php?rest_route=\/wp\/v2\/pages\/8930"}],"wp:attachment":[{"href":"https:\/\/www.dttech.com.tr\/index.php?rest_route=%2Fwp%2Fv2%2Fmedia&parent=24300"}],"curies":[{"name":"wp","href":"https:\/\/api.w.org\/{rel}","templated":true}]}}